{"id":1932,"date":"2022-08-04T14:46:50","date_gmt":"2022-08-04T14:46:50","guid":{"rendered":"https:\/\/rzcocktaileventbar.com\/?page_id=1932"},"modified":"2022-10-20T18:04:00","modified_gmt":"2022-10-20T18:04:00","slug":"offer-pl","status":"publish","type":"page","link":"https:\/\/rzcocktaileventbar.com\/pl\/offer-pl\/","title":{"rendered":"Oferta"},"content":{"rendered":"\t\t<div data-elementor-type=\"wp-page\" data-elementor-id=\"1932\" class=\"elementor elementor-1932\">\n\t\t\t\t\t\t<section class=\"elementor-section elementor-top-section elementor-element elementor-element-3a7e55e elementor-section-full_width elementor-section-height-default elementor-section-height-default wpr-particle-no wpr-jarallax-no wpr-parallax-no wpr-sticky-section-no wpr-equal-height-no\" data-id=\"3a7e55e\" data-element_type=\"section\" data-e-type=\"section\">\n\t\t\t\t\t\t<div class=\"elementor-container elementor-column-gap-no\">\n\t\t\t\t\t<div class=\"elementor-column elementor-col-100 elementor-top-column elementor-element elementor-element-4e3ea16\" data-id=\"4e3ea16\" data-element_type=\"column\" data-e-type=\"column\">\n\t\t\t<div class=\"elementor-widget-wrap elementor-element-populated\">\n\t\t\t\t\t\t<div class=\"elementor-element elementor-element-7747be0 elementor-widget elementor-widget-tastyc-services-grid\" data-id=\"7747be0\" data-element_type=\"widget\" data-e-type=\"widget\" data-widget_type=\"tastyc-services-grid.default\">\n\t\t\t\t<div class=\"elementor-widget-container\">\n\t\t\t\t\t\n\t\t<!-- container -->\n\t\t<div class=\"container\">\n\n\t\t<div class=\"row tst-mb-60\">\n\t\t  \n          \t\t            <div class=\"col-lg-12\">\n\n            <!-- services box -->\n            <div class=\"tst-services-box\">\n                            <div class=\"image\"><img decoding=\"async\" src=\"https:\/\/rzcocktaileventbar.com\/wp-content\/uploads\/2022\/10\/WhatsApp-Image-2022-10-18-at-14.55.30-950x713.jpeg\" alt=\"\" \/><\/div>\n                            <div class=\"desc\">\n                                          <h4 class=\"tst-mb-30\">\n              \t<span >\n\t        \t\tWesela\t        \t<\/span>\n              <\/h4>\n                                                    \t  <\/div>\n            <\/div>\n            <!-- services box end -->\n\n          <\/div>\n                    <div class=\"col-lg-12\">\n\n            <!-- services box -->\n            <div class=\"tst-services-box\">\n                            <div class=\"image\"><img decoding=\"async\" src=\"https:\/\/rzcocktaileventbar.com\/wp-content\/uploads\/2022\/07\/IMG_1748-conv-950x713.jpeg\" alt=\"\" \/><\/div>\n                            <div class=\"desc\">\n                                          <h4 class=\"tst-mb-30\">\n              \t<span >\n\t        \t\tBaby Shower\t        \t<\/span>\n              <\/h4>\n                                                    \t  <\/div>\n            <\/div>\n            <!-- services box end -->\n\n          <\/div>\n                    <div class=\"col-lg-12\">\n\n            <!-- services box -->\n            <div class=\"tst-services-box\">\n                            <div class=\"image\"><img decoding=\"async\" src=\"https:\/\/rzcocktaileventbar.com\/wp-content\/uploads\/2022\/07\/IMG_6911-conv-950x713.jpeg\" alt=\"\" \/><\/div>\n                            <div class=\"desc\">\n                                          <h4 class=\"tst-mb-30\">\n              \t<span >\n\t        \t\tImprezy urodzinowe\t        \t<\/span>\n              <\/h4>\n                                                    \t  <\/div>\n            <\/div>\n            <!-- services box end -->\n\n          <\/div>\n                    <div class=\"col-lg-12\">\n\n            <!-- services box -->\n            <div class=\"tst-services-box\">\n                            <div class=\"image\"><img decoding=\"async\" src=\"https:\/\/rzcocktaileventbar.com\/wp-content\/uploads\/2022\/07\/WhatsApp-Image-2022-07-31-at-18.38.08-950x713.jpeg\" alt=\"\" \/><\/div>\n                            <div class=\"desc\">\n                                          <h4 class=\"tst-mb-30\">\n              \t<span >\n\t        \t\tBasenowe Party\t        \t<\/span>\n              <\/h4>\n                                                    \t  <\/div>\n            <\/div>\n            <!-- services box end -->\n\n          <\/div>\n                    <div class=\"col-lg-12\">\n\n            <!-- services box -->\n            <div class=\"tst-services-box\">\n                            <div class=\"image\"><img decoding=\"async\" src=\"https:\/\/rzcocktaileventbar.com\/wp-content\/uploads\/2022\/07\/Special-events-950x713.jpeg\" alt=\"\" \/><\/div>\n                            <div class=\"desc\">\n                                          <h4 class=\"tst-mb-30\">\n              \t<span >\n\t        \t\tSpecjalne imprezy\t        \t<\/span>\n              <\/h4>\n                                                    \t  <\/div>\n            <\/div>\n            <!-- services box end -->\n\n          <\/div>\n                    <div class=\"col-lg-12\">\n\n            <!-- services box -->\n            <div class=\"tst-services-box\">\n                            <div class=\"image\"><img decoding=\"async\" src=\"https:\/\/rzcocktaileventbar.com\/wp-content\/uploads\/2022\/07\/Komunie-950x713.jpeg\" alt=\"\" \/><\/div>\n                            <div class=\"desc\">\n                                          <h4 class=\"tst-mb-30\">\n              \t<span >\n\t        \t\tI komunie \u015bwi\u0119te\t        \t<\/span>\n              <\/h4>\n                                                    \t  <\/div>\n            <\/div>\n            <!-- services box end -->\n\n          <\/div>\n                    <div class=\"col-lg-12\">\n\n            <!-- services box -->\n            <div class=\"tst-services-box\">\n                            <div class=\"image\"><img decoding=\"async\" src=\"https:\/\/rzcocktaileventbar.com\/wp-content\/uploads\/2022\/07\/sweet-16.jpeg\" alt=\"\" \/><\/div>\n                            <div class=\"desc\">\n                                          <h4 class=\"tst-mb-30\">\n              \t<span >\n\t        \t\t16tki!\t        \t<\/span>\n              <\/h4>\n                                                    \t  <\/div>\n            <\/div>\n            <!-- services box end -->\n\n          <\/div>\n                    <div class=\"col-lg-12\">\n\n            <!-- services box -->\n            <div class=\"tst-services-box\">\n                            <div class=\"image\"><img decoding=\"async\" src=\"https:\/\/rzcocktaileventbar.com\/wp-content\/uploads\/2022\/07\/garden-party-950x713.jpeg\" alt=\"\" \/><\/div>\n                            <div class=\"desc\">\n                                          <h4 class=\"tst-mb-30\">\n              \t<span >\n\t        \t\tPrzyj\u0119cia w ogrodzie\t        \t<\/span>\n              <\/h4>\n                                                    \t  <\/div>\n            <\/div>\n            <!-- services box end -->\n\n          <\/div>\n                    <div class=\"col-lg-12\">\n\n            <!-- services box -->\n            <div class=\"tst-services-box\">\n                            <div class=\"image\"><img decoding=\"async\" src=\"https:\/\/rzcocktaileventbar.com\/wp-content\/uploads\/2022\/07\/dream.jpeg\" alt=\"\" \/><\/div>\n                            <div class=\"desc\">\n                                          <h4 class=\"tst-mb-30\">\n              \t<span >\n\t        \t\tWszystko co sobie wymarzysz\t        \t<\/span>\n              <\/h4>\n                                                    \t  <\/div>\n            <\/div>\n            <!-- services box end -->\n\n          <\/div>\n                    \n        <\/div>\n\n        <div class=\"tst-spacer tst-spacer-only-bottom-space\"><\/div>\n\n\t\t<\/div>\n\t\t<!-- container end -->\n\n\t\t\t\t\t\t<\/div>\n\t\t\t\t<\/div>\n\t\t\t\t\t<\/div>\n\t\t<\/div>\n\t\t\t\t\t<\/div>\n\t\t<\/section>\n\t\t\t\t<section class=\"elementor-section elementor-top-section elementor-element elementor-element-fad9eb4 elementor-section-boxed elementor-section-height-default elementor-section-height-default wpr-particle-no wpr-jarallax-no wpr-parallax-no wpr-sticky-section-no wpr-equal-height-no\" data-id=\"fad9eb4\" data-element_type=\"section\" data-e-type=\"section\">\n\t\t\t\t\t\t<div class=\"elementor-container elementor-column-gap-default\">\n\t\t\t\t\t<div class=\"elementor-column elementor-col-33 elementor-top-column elementor-element elementor-element-5453a98\" data-id=\"5453a98\" data-element_type=\"column\" data-e-type=\"column\">\n\t\t\t<div class=\"elementor-widget-wrap elementor-element-populated\">\n\t\t\t\t\t\t<div class=\"elementor-element elementor-element-fc0d85d elementor-widget elementor-widget-tastyc-footer-heading\" data-id=\"fc0d85d\" data-element_type=\"widget\" data-e-type=\"widget\" data-widget_type=\"tastyc-footer-heading.default\">\n\t\t\t\t<div class=\"elementor-widget-container\">\n\t\t\t\t\t\n\t\t<div class=\"tst-mb-60\">\n\t\t\t        \t<h5 class=\"tst-mb-30 tst-text-shadow\">\n        \t\t<span >\n\t\t\t\t\tO nas\t\t\t\t<\/span>\n        \t<\/h5>\n        \t        \t        \t<div class=\"tst-text tst-text-shadow tst-mb-30\">\n        \t\t<div >\n\t\t\t\t\t<p>Zapewniamy swoim klientom profesjonalne, ekskluzywne, spersonalizowane us\u0142ugi barma\u0144skie w Nowym Jorku i okolicach.<\/p>\t\t\t\t<\/div>\n        \t<\/div>\n        \t        \t        \t<a href=\"\/about-us-pl\/\" class=\"tst-label tst-color tst-anima-link\">\n        \t\t<span >\n\t\t\t\t\tCzytaj wi\u0119cej\t\t\t\t<\/span>\n        \t<\/a>\n        \t        <\/div>\n\n\t\t\t\t\t\t<\/div>\n\t\t\t\t<\/div>\n\t\t\t\t\t<\/div>\n\t\t<\/div>\n\t\t\t\t<div class=\"elementor-column elementor-col-33 elementor-top-column elementor-element elementor-element-dc1f0c0\" data-id=\"dc1f0c0\" data-element_type=\"column\" data-e-type=\"column\">\n\t\t\t<div class=\"elementor-widget-wrap elementor-element-populated\">\n\t\t\t\t\t\t<div class=\"elementor-element elementor-element-f13b4d2 elementor-widget elementor-widget-tastyc-footer-info\" data-id=\"f13b4d2\" data-element_type=\"widget\" data-e-type=\"widget\" data-widget_type=\"tastyc-footer-info.default\">\n\t\t\t\t<div class=\"elementor-widget-container\">\n\t\t\t\t\t\n\t\t<div class=\"tst-mb-60\">\n\t\t\t        \t<h5 class=\"tst-mb-30 tst-text-shadow\">\n        \t\t<span >\n\t\t\t\t\tDane kontaktowe\t\t\t\t<\/span>\n        \t<\/h5>\n        \t        \t        \t<ul class=\"tst-footer-contact tst-text-shadow tst-mb-30\">\n            \t            \t<li>\n            \t\t<span class=\"tst-label\">\n            \t\t\t<span >\n\t\t\t\t\t\t\tTelefon\t\t\t\t\t\t<\/span>\n            \t\t<\/span>\n            \t\t<span class=\"tst-text\">\n            \t\t\t<span >\n\t\t\t\t\t\t\t+1 631-459-1619\t\t\t\t\t\t<\/span>\n            \t\t<\/span>\n            \t<\/li>\n          \t\t            \t<li>\n            \t\t<span class=\"tst-label\">\n            \t\t\t<span >\n\t\t\t\t\t\t\tmail\t\t\t\t\t\t<\/span>\n            \t\t<\/span>\n            \t\t<span class=\"tst-text\">\n            \t\t\t<span >\n\t\t\t\t\t\t\tzalewski.bartender@gmail.com\t\t\t\t\t\t<\/span>\n            \t\t<\/span>\n            \t<\/li>\n          \t\t          \t<\/ul>\n        \t        \t        \t<a href=\"\/contact-pl\/\" class=\"tst-label tst-color tst-anima-link\">\n        \t\t<span >\n\t\t\t\t\tSkontaktuj si\u0119!\t\t\t\t<\/span>\n        \t<\/a>\n        \t        <\/div>\n\n\t\t\t\t\t\t<\/div>\n\t\t\t\t<\/div>\n\t\t\t\t\t<\/div>\n\t\t<\/div>\n\t\t\t\t<div class=\"elementor-column elementor-col-33 elementor-top-column elementor-element elementor-element-10ad925\" data-id=\"10ad925\" data-element_type=\"column\" data-e-type=\"column\">\n\t\t\t<div class=\"elementor-widget-wrap elementor-element-populated\">\n\t\t\t\t\t\t<div class=\"elementor-element elementor-element-daefb9f elementor-widget elementor-widget-tastyc-footer-gallery\" data-id=\"daefb9f\" data-element_type=\"widget\" data-e-type=\"widget\" data-widget_type=\"tastyc-footer-gallery.default\">\n\t\t\t\t<div class=\"elementor-widget-container\">\n\t\t\t\t\t\n\t\t<div class=\"tst-mb-60\">\n\t\t\t        \t<h5 class=\"tst-mb-30 tst-text-shadow\">\n        \t\t<span >\n\t\t\t\t\tGaleria\t\t\t\t<\/span>\n        \t<\/h5>\n        \t\t\t\t\t\t\t<div class=\"swiper-container tst-footer-gallery\">\n                <div class=\"swiper-wrapper tst-cursor-zoom\">\n                                    <div class=\"swiper-slide\">\n                    <div class=\"tst-footer-gal-item\">\n                                            <img decoding=\"async\" src=\"https:\/\/rzcocktaileventbar.com\/wp-content\/uploads\/2022\/10\/IMG_4026-conv-140x140.jpeg\" alt=\"Image #1\" \/>\n                      <a data-magnific=\"gallery\" href=\"https:\/\/rzcocktaileventbar.com\/wp-content\/uploads\/2022\/10\/IMG_4026-conv-1920x2560.jpeg\" class=\"tst-overlay\">\n                        <i class=\"fas fa-search-plus\"><\/i>\n                      <\/a>\n                                          <\/div>\n                  <\/div>\n                                    <div class=\"swiper-slide\">\n                    <div class=\"tst-footer-gal-item\">\n                                            <img decoding=\"async\" src=\"https:\/\/rzcocktaileventbar.com\/wp-content\/uploads\/2022\/10\/IMG_3296-conv-140x140.jpeg\" alt=\"Image #2\" \/>\n                      <a data-magnific=\"gallery\" href=\"https:\/\/rzcocktaileventbar.com\/wp-content\/uploads\/2022\/10\/IMG_3296-conv-1920x1440.jpeg\" class=\"tst-overlay\">\n                        <i class=\"fas fa-search-plus\"><\/i>\n                      <\/a>\n                                          <\/div>\n                  <\/div>\n                                    <div class=\"swiper-slide\">\n                    <div class=\"tst-footer-gal-item\">\n                                            <img decoding=\"async\" src=\"https:\/\/rzcocktaileventbar.com\/wp-content\/uploads\/2022\/10\/IMG_3279-conv-140x140.jpeg\" alt=\"Image #3\" \/>\n                      <a data-magnific=\"gallery\" href=\"https:\/\/rzcocktaileventbar.com\/wp-content\/uploads\/2022\/10\/IMG_3279-conv-1920x2560.jpeg\" class=\"tst-overlay\">\n                        <i class=\"fas fa-search-plus\"><\/i>\n                      <\/a>\n                                          <\/div>\n                  <\/div>\n                                    <div class=\"swiper-slide\">\n                    <div class=\"tst-footer-gal-item\">\n                                            <img decoding=\"async\" src=\"https:\/\/rzcocktaileventbar.com\/wp-content\/uploads\/2022\/10\/IMG_3141-conv-140x140.jpeg\" alt=\"Image #4\" \/>\n                      <a data-magnific=\"gallery\" href=\"https:\/\/rzcocktaileventbar.com\/wp-content\/uploads\/2022\/10\/IMG_3141-conv-1920x1440.jpeg\" class=\"tst-overlay\">\n                        <i class=\"fas fa-search-plus\"><\/i>\n                      <\/a>\n                                          <\/div>\n                  <\/div>\n                                    <div class=\"swiper-slide\">\n                    <div class=\"tst-footer-gal-item\">\n                                            <img decoding=\"async\" src=\"https:\/\/rzcocktaileventbar.com\/wp-content\/uploads\/2022\/10\/IMG_2603-140x140.jpg\" alt=\"Image #5\" \/>\n                      <a data-magnific=\"gallery\" href=\"https:\/\/rzcocktaileventbar.com\/wp-content\/uploads\/2022\/10\/IMG_2603.jpg\" class=\"tst-overlay\">\n                        <i class=\"fas fa-search-plus\"><\/i>\n                      <\/a>\n                                          <\/div>\n                  <\/div>\n                                    <div class=\"swiper-slide\">\n                    <div class=\"tst-footer-gal-item\">\n                                            <img decoding=\"async\" src=\"https:\/\/rzcocktaileventbar.com\/wp-content\/uploads\/2022\/10\/IMG_2576-conv-140x140.jpeg\" alt=\"Image #6\" \/>\n                      <a data-magnific=\"gallery\" href=\"https:\/\/rzcocktaileventbar.com\/wp-content\/uploads\/2022\/10\/IMG_2576-conv-1920x1440.jpeg\" class=\"tst-overlay\">\n                        <i class=\"fas fa-search-plus\"><\/i>\n                      <\/a>\n                                          <\/div>\n                  <\/div>\n                                  <\/div>\n                <div class=\"tst-gallery-nav\">\n                                    <a href=\"\/gallery-pl\" class=\"tst-label tst-color tst-anima-link\">\n                  \t<span >\n\t\t\t\t\t\tZobacz wi\u0119cej\t\t\t\t\t<\/span>\n                  <\/a>\n                                    <div class=\"tst-fg-nav\">\n                    <div class=\"tst-slider-btn tst-fg-prev\"><i class=\"fas fa-arrow-left\"><\/i><\/div>\n                    <div class=\"tst-slider-btn tst-fg-next\"><i class=\"fas fa-arrow-right\"><\/i><\/div>\n                  <\/div>\n                <\/div>\n            <\/div>\n\t\t\t\t\t\t\n\t\t<\/div>\n\n\t\t\t\t\t\t<\/div>\n\t\t\t\t<\/div>\n\t\t\t\t\t<\/div>\n\t\t<\/div>\n\t\t\t\t\t<\/div>\n\t\t<\/section>\n\t\t\t\t<section class=\"elementor-section elementor-top-section elementor-element elementor-element-acbd771 elementor-section-boxed elementor-section-height-default elementor-section-height-default wpr-particle-no wpr-jarallax-no wpr-parallax-no wpr-sticky-section-no wpr-equal-height-no\" data-id=\"acbd771\" data-element_type=\"section\" data-e-type=\"section\">\n\t\t\t\t\t\t<div class=\"elementor-container elementor-column-gap-default\">\n\t\t\t\t\t<div class=\"elementor-column elementor-col-100 elementor-top-column elementor-element elementor-element-357f3b4\" data-id=\"357f3b4\" data-element_type=\"column\" data-e-type=\"column\">\n\t\t\t<div class=\"elementor-widget-wrap elementor-element-populated\">\n\t\t\t\t\t\t<div class=\"elementor-element elementor-element-f86a04d elementor-widget elementor-widget-tastyc-footer-divider\" data-id=\"f86a04d\" data-element_type=\"widget\" data-e-type=\"widget\" data-widget_type=\"tastyc-footer-divider.default\">\n\t\t\t\t<div class=\"elementor-widget-container\">\n\t\t\t\t\t\n\t\t<div class=\"tst-spacer tst-white tst-spacer-only-bottom-space\"><\/div>\n\n\t\t\t\t\t\t<\/div>\n\t\t\t\t<\/div>\n\t\t\t\t\t<\/div>\n\t\t<\/div>\n\t\t\t\t\t<\/div>\n\t\t<\/section>\n\t\t\t\t<section class=\"elementor-section elementor-top-section elementor-element elementor-element-808f63a elementor-section-boxed elementor-section-height-default elementor-section-height-default wpr-particle-no wpr-jarallax-no wpr-parallax-no wpr-sticky-section-no wpr-equal-height-no\" data-id=\"808f63a\" data-element_type=\"section\" data-e-type=\"section\">\n\t\t\t\t\t\t<div class=\"elementor-container elementor-column-gap-default\">\n\t\t\t\t\t<div class=\"elementor-column elementor-col-50 elementor-top-column elementor-element elementor-element-a8d704a\" data-id=\"a8d704a\" data-element_type=\"column\" data-e-type=\"column\">\n\t\t\t<div class=\"elementor-widget-wrap elementor-element-populated\">\n\t\t\t\t\t\t<div class=\"elementor-element elementor-element-f6f0c39 elementor-widget elementor-widget-tastyc-footer-copyright\" data-id=\"f6f0c39\" data-element_type=\"widget\" data-e-type=\"widget\" data-widget_type=\"tastyc-footer-copyright.default\">\n\t\t\t\t<div class=\"elementor-widget-container\">\n\t\t\t\t\t\n\t\t\t\t<div class=\"tst-text\">\n\t\t\t<div >\n\t\t\t\t<p>2022 R.Z. Cocktail Event Bar <\/p>\t\t\t<\/div>\n\t\t<\/div>\n\t\t\n\t\t\t\t\t\t<\/div>\n\t\t\t\t<\/div>\n\t\t\t\t\t<\/div>\n\t\t<\/div>\n\t\t\t\t<div class=\"elementor-column elementor-col-50 elementor-top-column elementor-element elementor-element-e56adc4\" data-id=\"e56adc4\" data-element_type=\"column\" data-e-type=\"column\">\n\t\t\t<div class=\"elementor-widget-wrap elementor-element-populated\">\n\t\t\t\t\t\t<div class=\"elementor-element elementor-element-3dfcbf0 elementor-widget elementor-widget-tastyc-footer-backtoptop\" data-id=\"3dfcbf0\" data-element_type=\"widget\" data-e-type=\"widget\" data-widget_type=\"tastyc-footer-backtoptop.default\">\n\t\t\t\t<div class=\"elementor-widget-container\">\n\t\t\t\t\t\n\t\t\t\t<a href=\"#tst-app\" class=\"tst-label tst-color tst-anchor-scroll\">\n\t\t\t<span >\n\t\t\t\tpowr\u00f3t na g\u00f3r\u0119\t\t\t<\/span>\n\t\t<\/a>\n\t\t\n\t\t\t\t\t\t<\/div>\n\t\t\t\t<\/div>\n\t\t\t\t\t<\/div>\n\t\t<\/div>\n\t\t\t\t\t<\/div>\n\t\t<\/section>\n\t\t\t\t<section class=\"elementor-section elementor-top-section elementor-element elementor-element-79de7e3 elementor-section-boxed elementor-section-height-default elementor-section-height-default wpr-particle-no wpr-jarallax-no wpr-parallax-no wpr-sticky-section-no wpr-equal-height-no\" data-id=\"79de7e3\" data-element_type=\"section\" data-e-type=\"section\">\n\t\t\t\t\t\t<div class=\"elementor-container elementor-column-gap-default\">\n\t\t\t\t\t<div class=\"elementor-column elementor-col-50 elementor-top-column elementor-element elementor-element-bdb5c39\" data-id=\"bdb5c39\" data-element_type=\"column\" data-e-type=\"column\">\n\t\t\t<div class=\"elementor-widget-wrap elementor-element-populated\">\n\t\t\t\t\t\t\t<\/div>\n\t\t<\/div>\n\t\t\t\t<div class=\"elementor-column elementor-col-50 elementor-top-column elementor-element elementor-element-38b0add\" data-id=\"38b0add\" data-element_type=\"column\" data-e-type=\"column\">\n\t\t\t<div class=\"elementor-widget-wrap elementor-element-populated\">\n\t\t\t\t\t\t<div class=\"elementor-element elementor-element-f35d125 elementor-widget elementor-widget-tastyc-footer-social-links\" data-id=\"f35d125\" data-element_type=\"widget\" data-e-type=\"widget\" data-widget_type=\"tastyc-footer-social-links.default\">\n\t\t\t\t<div class=\"elementor-widget-container\">\n\t\t\t\t\t\n\t\t\t\t<div class=\"tst-social\">\n                        <a target=\"_blank\" href=\"https:\/\/facebook.com\/R.Z.CocktailEventBar\" class=\"tst-icon-link\" title=\"Facebook\">\n            \t<i class=\"fab fa-facebook-f\"><\/i>            <\/a>\n                        <a target=\"_blank\" href=\"https:\/\/instagram.com\/r.z._cocktail_event_bar\/\" class=\"tst-icon-link\" title=\"Instagram\">\n            \t<i class=\"fab fa-instagram\"><\/i>            <\/a>\n                        <a target=\"_blank\" href=\"https:\/\/www.tiktok.com\/@r.z._cocktail_event_bar\" class=\"tst-icon-link\" title=\"Tiktok\">\n            \t<i class=\"fab fa-tiktok\"><\/i>            <\/a>\n                        <a class=\"tst-icon-link\" title=\"\">\n            \t<i class=\"\"><\/i>            <\/a>\n                        <a class=\"tst-icon-link\" title=\"\">\n            \t<i class=\"\"><\/i>            <\/a>\n                    <\/div>\n        \t\t\n\t\t\t\t\t\t<\/div>\n\t\t\t\t<\/div>\n\t\t\t\t\t<\/div>\n\t\t<\/div>\n\t\t\t\t\t<\/div>\n\t\t<\/section>\n\t\t\t\t<\/div>\n\t\t","protected":false},"excerpt":{"rendered":"<p>Wesela Baby Shower Imprezy urodzinowe Basenowe Party Specjalne imprezy I komunie \u015bwi\u0119te 16tki! Przyj\u0119cia w ogrodzie Wszystko co sobie wymarzysz&#8230; <span class=\"tst-el-more\"><a href=\"https:\/\/rzcocktaileventbar.com\/pl\/offer-pl\/\" class=\"tst-label tst-color tst-anima-link\">Read more<\/a><\/span><\/p>\n","protected":false},"author":1,"featured_media":0,"parent":0,"menu_order":0,"comment_status":"closed","ping_status":"closed","template":"template-layout-builder.php","meta":{"_coblocks_attr":"","_coblocks_dimensions":"","_coblocks_responsive_height":"","_coblocks_accordion_ie_support":"","footnotes":""},"class_list":["post-1932","page","type-page","status-publish","hentry"],"translation":{"provider":"WPGlobus","version":"3.0.2","language":"pl","enabled_languages":["en","pl"],"languages":{"en":{"title":true,"content":true,"excerpt":false},"pl":{"title":false,"content":false,"excerpt":false}}},"acf":[],"_links":{"self":[{"href":"https:\/\/rzcocktaileventbar.com\/pl\/wp-json\/wp\/v2\/pages\/1932","targetHints":{"allow":["GET"]}}],"collection":[{"href":"https:\/\/rzcocktaileventbar.com\/pl\/wp-json\/wp\/v2\/pages"}],"about":[{"href":"https:\/\/rzcocktaileventbar.com\/pl\/wp-json\/wp\/v2\/types\/page"}],"author":[{"embeddable":true,"href":"https:\/\/rzcocktaileventbar.com\/pl\/wp-json\/wp\/v2\/users\/1"}],"replies":[{"embeddable":true,"href":"https:\/\/rzcocktaileventbar.com\/pl\/wp-json\/wp\/v2\/comments?post=1932"}],"version-history":[{"count":22,"href":"https:\/\/rzcocktaileventbar.com\/pl\/wp-json\/wp\/v2\/pages\/1932\/revisions"}],"predecessor-version":[{"id":2478,"href":"https:\/\/rzcocktaileventbar.com\/pl\/wp-json\/wp\/v2\/pages\/1932\/revisions\/2478"}],"wp:attachment":[{"href":"https:\/\/rzcocktaileventbar.com\/pl\/wp-json\/wp\/v2\/media?parent=1932"}],"curies":[{"name":"wp","href":"https:\/\/api.w.org\/{rel}","templated":true}]}}