{"id":1931,"date":"2022-08-04T14:45:27","date_gmt":"2022-08-04T14:45:27","guid":{"rendered":"https:\/\/rzcocktaileventbar.com\/?page_id=1931"},"modified":"2022-10-20T18:04:33","modified_gmt":"2022-10-20T18:04:33","slug":"menu-pl","status":"publish","type":"page","link":"https:\/\/rzcocktaileventbar.com\/pl\/menu-pl\/","title":{"rendered":"Menu"},"content":{"rendered":"\t\t<div data-elementor-type=\"wp-page\" data-elementor-id=\"1931\" class=\"elementor elementor-1931\">\n\t\t\t\t\t\t<section class=\"elementor-section elementor-top-section elementor-element elementor-element-ad07ea9 elementor-section-boxed elementor-section-height-default elementor-section-height-default wpr-particle-no wpr-jarallax-no wpr-parallax-no wpr-sticky-section-no wpr-equal-height-no\" data-id=\"ad07ea9\" data-element_type=\"section\" data-e-type=\"section\">\n\t\t\t\t\t\t<div class=\"elementor-container elementor-column-gap-default\">\n\t\t\t\t\t<div class=\"elementor-column elementor-col-33 elementor-top-column elementor-element elementor-element-aa17f8e\" data-id=\"aa17f8e\" data-element_type=\"column\" data-e-type=\"column\">\n\t\t\t<div class=\"elementor-widget-wrap elementor-element-populated\">\n\t\t\t\t\t\t<div class=\"elementor-element elementor-element-33e7be3 elementor-widget elementor-widget-image\" data-id=\"33e7be3\" data-element_type=\"widget\" data-e-type=\"widget\" data-widget_type=\"image.default\">\n\t\t\t\t<div class=\"elementor-widget-container\">\n\t\t\t\t\t\t\t\t\t\t\t\t\t\t\t<img fetchpriority=\"high\" decoding=\"async\" width=\"768\" height=\"1024\" src=\"https:\/\/rzcocktaileventbar.com\/wp-content\/uploads\/2022\/07\/IMG_9172-768x1024.jpg\" class=\"attachment-large size-large wp-image-1540\" alt=\"\" srcset=\"https:\/\/rzcocktaileventbar.com\/wp-content\/uploads\/2022\/07\/IMG_9172-768x1024.jpg 768w, https:\/\/rzcocktaileventbar.com\/wp-content\/uploads\/2022\/07\/IMG_9172-225x300.jpg 225w, https:\/\/rzcocktaileventbar.com\/wp-content\/uploads\/2022\/07\/IMG_9172-1152x1536.jpg 1152w, https:\/\/rzcocktaileventbar.com\/wp-content\/uploads\/2022\/07\/IMG_9172-1536x2048.jpg 1536w, https:\/\/rzcocktaileventbar.com\/wp-content\/uploads\/2022\/07\/IMG_9172-950x1267.jpg 950w, https:\/\/rzcocktaileventbar.com\/wp-content\/uploads\/2022\/07\/IMG_9172.jpg 1728w\" sizes=\"(max-width: 768px) 100vw, 768px\" \/>\t\t\t\t\t\t\t\t\t\t\t\t\t\t\t<\/div>\n\t\t\t\t<\/div>\n\t\t\t\t\t<\/div>\n\t\t<\/div>\n\t\t\t\t<div class=\"elementor-column elementor-col-33 elementor-top-column elementor-element elementor-element-0a71c00\" data-id=\"0a71c00\" data-element_type=\"column\" data-e-type=\"column\">\n\t\t\t<div class=\"elementor-widget-wrap elementor-element-populated\">\n\t\t\t\t\t\t<div class=\"elementor-element elementor-element-ee0e9f6 elementor-widget elementor-widget-image\" data-id=\"ee0e9f6\" data-element_type=\"widget\" data-e-type=\"widget\" data-widget_type=\"image.default\">\n\t\t\t\t<div class=\"elementor-widget-container\">\n\t\t\t\t\t\t\t\t\t\t\t\t\t\t\t<img decoding=\"async\" width=\"691\" height=\"1024\" src=\"https:\/\/rzcocktaileventbar.com\/wp-content\/uploads\/2022\/07\/IMG_7697-691x1024.jpg\" class=\"attachment-large size-large wp-image-1577\" alt=\"\" srcset=\"https:\/\/rzcocktaileventbar.com\/wp-content\/uploads\/2022\/07\/IMG_7697-691x1024.jpg 691w, https:\/\/rzcocktaileventbar.com\/wp-content\/uploads\/2022\/07\/IMG_7697-202x300.jpg 202w, https:\/\/rzcocktaileventbar.com\/wp-content\/uploads\/2022\/07\/IMG_7697-768x1139.jpg 768w, https:\/\/rzcocktaileventbar.com\/wp-content\/uploads\/2022\/07\/IMG_7697-1036x1536.jpg 1036w, https:\/\/rzcocktaileventbar.com\/wp-content\/uploads\/2022\/07\/IMG_7697-950x1408.jpg 950w, https:\/\/rzcocktaileventbar.com\/wp-content\/uploads\/2022\/07\/IMG_7697.jpg 1084w\" sizes=\"(max-width: 691px) 100vw, 691px\" \/>\t\t\t\t\t\t\t\t\t\t\t\t\t\t\t<\/div>\n\t\t\t\t<\/div>\n\t\t\t\t\t<\/div>\n\t\t<\/div>\n\t\t\t\t<div class=\"elementor-column elementor-col-33 elementor-top-column elementor-element elementor-element-e5ed7c3\" data-id=\"e5ed7c3\" data-element_type=\"column\" data-e-type=\"column\">\n\t\t\t<div class=\"elementor-widget-wrap elementor-element-populated\">\n\t\t\t\t\t\t<div class=\"elementor-element elementor-element-0b20d1c elementor-widget elementor-widget-image\" data-id=\"0b20d1c\" data-element_type=\"widget\" data-e-type=\"widget\" data-widget_type=\"image.default\">\n\t\t\t\t<div class=\"elementor-widget-container\">\n\t\t\t\t\t\t\t\t\t\t\t\t\t\t\t<img decoding=\"async\" width=\"768\" height=\"1024\" src=\"https:\/\/rzcocktaileventbar.com\/wp-content\/uploads\/2022\/07\/IMG_7795-768x1024.png\" class=\"attachment-large size-large wp-image-1538\" alt=\"\" srcset=\"https:\/\/rzcocktaileventbar.com\/wp-content\/uploads\/2022\/07\/IMG_7795-768x1024.png 768w, https:\/\/rzcocktaileventbar.com\/wp-content\/uploads\/2022\/07\/IMG_7795-225x300.png 225w, https:\/\/rzcocktaileventbar.com\/wp-content\/uploads\/2022\/07\/IMG_7795-1152x1536.png 1152w, https:\/\/rzcocktaileventbar.com\/wp-content\/uploads\/2022\/07\/IMG_7795-1536x2048.png 1536w, https:\/\/rzcocktaileventbar.com\/wp-content\/uploads\/2022\/07\/IMG_7795-950x1267.png 950w, https:\/\/rzcocktaileventbar.com\/wp-content\/uploads\/2022\/07\/IMG_7795.png 1728w\" sizes=\"(max-width: 768px) 100vw, 768px\" \/>\t\t\t\t\t\t\t\t\t\t\t\t\t\t\t<\/div>\n\t\t\t\t<\/div>\n\t\t\t\t\t<\/div>\n\t\t<\/div>\n\t\t\t\t\t<\/div>\n\t\t<\/section>\n\t\t\t\t<section class=\"elementor-section elementor-top-section elementor-element elementor-element-4cc8151 elementor-section-boxed elementor-section-height-default elementor-section-height-default wpr-particle-no wpr-jarallax-no wpr-parallax-no wpr-sticky-section-no wpr-equal-height-no\" data-id=\"4cc8151\" data-element_type=\"section\" data-e-type=\"section\">\n\t\t\t\t\t\t<div class=\"elementor-container elementor-column-gap-default\">\n\t\t\t\t\t<div class=\"elementor-column elementor-col-100 elementor-top-column elementor-element elementor-element-ccdfc7c\" data-id=\"ccdfc7c\" data-element_type=\"column\" data-e-type=\"column\">\n\t\t\t<div class=\"elementor-widget-wrap elementor-element-populated\">\n\t\t\t\t\t\t<div class=\"elementor-element elementor-element-95fdd40 elementor-widget elementor-widget-text-editor\" data-id=\"95fdd40\" data-element_type=\"widget\" data-e-type=\"widget\" data-widget_type=\"text-editor.default\">\n\t\t\t\t<div class=\"elementor-widget-container\">\n\t\t\t\t\t\t\t\t\t<p style=\"text-align: center;\">Zdj\u0119cia przedstawiaj\u0105 podstawowe menu oferowane przez <strong>R.Z. Cocktail Event Bar<\/strong>. W razie potrzeby modyfikujemy ofert\u0119 lub uzgadniamy z klientem indywidualne menu na organizowane przez niego wydarzenie. Zach\u0119camy do kontaktu i bezp\u0142atnych konsultacji w zwi\u0105zku z oferowan\u0105 przez nas us\u0142ug\u0105 mobilnego koktajl baru.<\/p>\t\t\t\t\t\t\t\t<\/div>\n\t\t\t\t<\/div>\n\t\t\t\t\t<\/div>\n\t\t<\/div>\n\t\t\t\t\t<\/div>\n\t\t<\/section>\n\t\t\t\t<section class=\"elementor-section elementor-top-section elementor-element elementor-element-3711fb2 elementor-section-boxed elementor-section-height-default elementor-section-height-default wpr-particle-no wpr-jarallax-no wpr-parallax-no wpr-sticky-section-no wpr-equal-height-no\" data-id=\"3711fb2\" data-element_type=\"section\" data-e-type=\"section\">\n\t\t\t\t\t\t<div class=\"elementor-container elementor-column-gap-default\">\n\t\t\t\t\t<div class=\"elementor-column elementor-col-33 elementor-top-column elementor-element elementor-element-a0f8db6\" data-id=\"a0f8db6\" data-element_type=\"column\" data-e-type=\"column\">\n\t\t\t<div class=\"elementor-widget-wrap elementor-element-populated\">\n\t\t\t\t\t\t<div class=\"elementor-element elementor-element-903ed1f elementor-widget elementor-widget-tastyc-footer-heading\" data-id=\"903ed1f\" data-element_type=\"widget\" data-e-type=\"widget\" data-widget_type=\"tastyc-footer-heading.default\">\n\t\t\t\t<div class=\"elementor-widget-container\">\n\t\t\t\t\t\n\t\t<div class=\"tst-mb-60\">\n\t\t\t        \t<h5 class=\"tst-mb-30 tst-text-shadow\">\n        \t\t<span >\n\t\t\t\t\tO nas\t\t\t\t<\/span>\n        \t<\/h5>\n        \t        \t        \t<div class=\"tst-text tst-text-shadow tst-mb-30\">\n        \t\t<div >\n\t\t\t\t\t<p>Zapewniamy swoim klientom profesjonalne, ekskluzywne, spersonalizowane us\u0142ugi barma\u0144skie w Nowym Jorku i okolicach.<\/p>\t\t\t\t<\/div>\n        \t<\/div>\n        \t        \t        \t<a href=\"\/about-us-pl\/\" class=\"tst-label tst-color tst-anima-link\">\n        \t\t<span >\n\t\t\t\t\tCzytaj wi\u0119cej\t\t\t\t<\/span>\n        \t<\/a>\n        \t        <\/div>\n\n\t\t\t\t\t\t<\/div>\n\t\t\t\t<\/div>\n\t\t\t\t\t<\/div>\n\t\t<\/div>\n\t\t\t\t<div class=\"elementor-column elementor-col-33 elementor-top-column elementor-element elementor-element-19ae06c\" data-id=\"19ae06c\" data-element_type=\"column\" data-e-type=\"column\">\n\t\t\t<div class=\"elementor-widget-wrap elementor-element-populated\">\n\t\t\t\t\t\t<div class=\"elementor-element elementor-element-a1c960e elementor-widget elementor-widget-tastyc-footer-info\" data-id=\"a1c960e\" data-element_type=\"widget\" data-e-type=\"widget\" data-widget_type=\"tastyc-footer-info.default\">\n\t\t\t\t<div class=\"elementor-widget-container\">\n\t\t\t\t\t\n\t\t<div class=\"tst-mb-60\">\n\t\t\t        \t<h5 class=\"tst-mb-30 tst-text-shadow\">\n        \t\t<span >\n\t\t\t\t\tDane kontaktowe\t\t\t\t<\/span>\n        \t<\/h5>\n        \t        \t        \t<ul class=\"tst-footer-contact tst-text-shadow tst-mb-30\">\n            \t            \t<li>\n            \t\t<span class=\"tst-label\">\n            \t\t\t<span >\n\t\t\t\t\t\t\tTelefon\t\t\t\t\t\t<\/span>\n            \t\t<\/span>\n            \t\t<span class=\"tst-text\">\n            \t\t\t<span >\n\t\t\t\t\t\t\t+1 631-459-1619\t\t\t\t\t\t<\/span>\n            \t\t<\/span>\n            \t<\/li>\n          \t\t            \t<li>\n            \t\t<span class=\"tst-label\">\n            \t\t\t<span >\n\t\t\t\t\t\t\tmail\t\t\t\t\t\t<\/span>\n            \t\t<\/span>\n            \t\t<span class=\"tst-text\">\n            \t\t\t<span >\n\t\t\t\t\t\t\tzalewski.bartender@gmail.com\t\t\t\t\t\t<\/span>\n            \t\t<\/span>\n            \t<\/li>\n          \t\t          \t<\/ul>\n        \t        \t        \t<a href=\"\/contact-pl\/\" class=\"tst-label tst-color tst-anima-link\">\n        \t\t<span >\n\t\t\t\t\tSkontaktuj si\u0119!\t\t\t\t<\/span>\n        \t<\/a>\n        \t        <\/div>\n\n\t\t\t\t\t\t<\/div>\n\t\t\t\t<\/div>\n\t\t\t\t\t<\/div>\n\t\t<\/div>\n\t\t\t\t<div class=\"elementor-column elementor-col-33 elementor-top-column elementor-element elementor-element-ec2c390\" data-id=\"ec2c390\" data-element_type=\"column\" data-e-type=\"column\">\n\t\t\t<div class=\"elementor-widget-wrap elementor-element-populated\">\n\t\t\t\t\t\t<div class=\"elementor-element elementor-element-d26220a elementor-widget elementor-widget-tastyc-footer-gallery\" data-id=\"d26220a\" data-element_type=\"widget\" data-e-type=\"widget\" data-widget_type=\"tastyc-footer-gallery.default\">\n\t\t\t\t<div class=\"elementor-widget-container\">\n\t\t\t\t\t\n\t\t<div class=\"tst-mb-60\">\n\t\t\t        \t<h5 class=\"tst-mb-30 tst-text-shadow\">\n        \t\t<span >\n\t\t\t\t\tGaleria\t\t\t\t<\/span>\n        \t<\/h5>\n        \t\t\t\t\t\t\t<div class=\"swiper-container tst-footer-gallery\">\n                <div class=\"swiper-wrapper tst-cursor-zoom\">\n                                    <div class=\"swiper-slide\">\n                    <div class=\"tst-footer-gal-item\">\n                                            <img decoding=\"async\" src=\"https:\/\/rzcocktaileventbar.com\/wp-content\/uploads\/2022\/10\/IMG_4026-conv-140x140.jpeg\" alt=\"Image #1\" \/>\n                      <a data-magnific=\"gallery\" href=\"https:\/\/rzcocktaileventbar.com\/wp-content\/uploads\/2022\/10\/IMG_4026-conv-1920x2560.jpeg\" class=\"tst-overlay\">\n                        <i class=\"fas fa-search-plus\"><\/i>\n                      <\/a>\n                                          <\/div>\n                  <\/div>\n                                    <div class=\"swiper-slide\">\n                    <div class=\"tst-footer-gal-item\">\n                                            <img decoding=\"async\" src=\"https:\/\/rzcocktaileventbar.com\/wp-content\/uploads\/2022\/10\/IMG_3296-conv-140x140.jpeg\" alt=\"Image #2\" \/>\n                      <a data-magnific=\"gallery\" href=\"https:\/\/rzcocktaileventbar.com\/wp-content\/uploads\/2022\/10\/IMG_3296-conv-1920x1440.jpeg\" class=\"tst-overlay\">\n                        <i class=\"fas fa-search-plus\"><\/i>\n                      <\/a>\n                                          <\/div>\n                  <\/div>\n                                    <div class=\"swiper-slide\">\n                    <div class=\"tst-footer-gal-item\">\n                                            <img decoding=\"async\" src=\"https:\/\/rzcocktaileventbar.com\/wp-content\/uploads\/2022\/10\/IMG_3279-conv-140x140.jpeg\" alt=\"Image #3\" \/>\n                      <a data-magnific=\"gallery\" href=\"https:\/\/rzcocktaileventbar.com\/wp-content\/uploads\/2022\/10\/IMG_3279-conv-1920x2560.jpeg\" class=\"tst-overlay\">\n                        <i class=\"fas fa-search-plus\"><\/i>\n                      <\/a>\n                                          <\/div>\n                  <\/div>\n                                    <div class=\"swiper-slide\">\n                    <div class=\"tst-footer-gal-item\">\n                                            <img decoding=\"async\" src=\"https:\/\/rzcocktaileventbar.com\/wp-content\/uploads\/2022\/10\/IMG_3141-conv-140x140.jpeg\" alt=\"Image #4\" \/>\n                      <a data-magnific=\"gallery\" href=\"https:\/\/rzcocktaileventbar.com\/wp-content\/uploads\/2022\/10\/IMG_3141-conv-1920x1440.jpeg\" class=\"tst-overlay\">\n                        <i class=\"fas fa-search-plus\"><\/i>\n                      <\/a>\n                                          <\/div>\n                  <\/div>\n                                    <div class=\"swiper-slide\">\n                    <div class=\"tst-footer-gal-item\">\n                                            <img decoding=\"async\" src=\"https:\/\/rzcocktaileventbar.com\/wp-content\/uploads\/2022\/10\/IMG_2603-140x140.jpg\" alt=\"Image #5\" \/>\n                      <a data-magnific=\"gallery\" href=\"https:\/\/rzcocktaileventbar.com\/wp-content\/uploads\/2022\/10\/IMG_2603.jpg\" class=\"tst-overlay\">\n                        <i class=\"fas fa-search-plus\"><\/i>\n                      <\/a>\n                                          <\/div>\n                  <\/div>\n                                    <div class=\"swiper-slide\">\n                    <div class=\"tst-footer-gal-item\">\n                                            <img decoding=\"async\" src=\"https:\/\/rzcocktaileventbar.com\/wp-content\/uploads\/2022\/10\/IMG_2576-conv-140x140.jpeg\" alt=\"Image #6\" \/>\n                      <a data-magnific=\"gallery\" href=\"https:\/\/rzcocktaileventbar.com\/wp-content\/uploads\/2022\/10\/IMG_2576-conv-1920x1440.jpeg\" class=\"tst-overlay\">\n                        <i class=\"fas fa-search-plus\"><\/i>\n                      <\/a>\n                                          <\/div>\n                  <\/div>\n                                  <\/div>\n                <div class=\"tst-gallery-nav\">\n                                    <a href=\"\/gallery-pl\" class=\"tst-label tst-color tst-anima-link\">\n                  \t<span >\n\t\t\t\t\t\tZobacz wi\u0119cej\t\t\t\t\t<\/span>\n                  <\/a>\n                                    <div class=\"tst-fg-nav\">\n                    <div class=\"tst-slider-btn tst-fg-prev\"><i class=\"fas fa-arrow-left\"><\/i><\/div>\n                    <div class=\"tst-slider-btn tst-fg-next\"><i class=\"fas fa-arrow-right\"><\/i><\/div>\n                  <\/div>\n                <\/div>\n            <\/div>\n\t\t\t\t\t\t\n\t\t<\/div>\n\n\t\t\t\t\t\t<\/div>\n\t\t\t\t<\/div>\n\t\t\t\t\t<\/div>\n\t\t<\/div>\n\t\t\t\t\t<\/div>\n\t\t<\/section>\n\t\t\t\t<section class=\"elementor-section elementor-top-section elementor-element elementor-element-690589b elementor-section-boxed elementor-section-height-default elementor-section-height-default wpr-particle-no wpr-jarallax-no wpr-parallax-no wpr-sticky-section-no wpr-equal-height-no\" data-id=\"690589b\" data-element_type=\"section\" data-e-type=\"section\">\n\t\t\t\t\t\t<div class=\"elementor-container elementor-column-gap-default\">\n\t\t\t\t\t<div class=\"elementor-column elementor-col-100 elementor-top-column elementor-element elementor-element-223277f\" data-id=\"223277f\" data-element_type=\"column\" data-e-type=\"column\">\n\t\t\t<div class=\"elementor-widget-wrap elementor-element-populated\">\n\t\t\t\t\t\t<div class=\"elementor-element elementor-element-1b3c66e elementor-widget elementor-widget-tastyc-footer-divider\" data-id=\"1b3c66e\" data-element_type=\"widget\" data-e-type=\"widget\" data-widget_type=\"tastyc-footer-divider.default\">\n\t\t\t\t<div class=\"elementor-widget-container\">\n\t\t\t\t\t\n\t\t<div class=\"tst-spacer tst-white tst-spacer-only-bottom-space\"><\/div>\n\n\t\t\t\t\t\t<\/div>\n\t\t\t\t<\/div>\n\t\t\t\t\t<\/div>\n\t\t<\/div>\n\t\t\t\t\t<\/div>\n\t\t<\/section>\n\t\t\t\t<section class=\"elementor-section elementor-top-section elementor-element elementor-element-55b2944 elementor-section-boxed elementor-section-height-default elementor-section-height-default wpr-particle-no wpr-jarallax-no wpr-parallax-no wpr-sticky-section-no wpr-equal-height-no\" data-id=\"55b2944\" data-element_type=\"section\" data-e-type=\"section\">\n\t\t\t\t\t\t<div class=\"elementor-container elementor-column-gap-default\">\n\t\t\t\t\t<div class=\"elementor-column elementor-col-50 elementor-top-column elementor-element elementor-element-c223d69\" data-id=\"c223d69\" data-element_type=\"column\" data-e-type=\"column\">\n\t\t\t<div class=\"elementor-widget-wrap elementor-element-populated\">\n\t\t\t\t\t\t<div class=\"elementor-element elementor-element-4610cca elementor-widget elementor-widget-tastyc-footer-copyright\" data-id=\"4610cca\" data-element_type=\"widget\" data-e-type=\"widget\" data-widget_type=\"tastyc-footer-copyright.default\">\n\t\t\t\t<div class=\"elementor-widget-container\">\n\t\t\t\t\t\n\t\t\t\t<div class=\"tst-text\">\n\t\t\t<div >\n\t\t\t\t<p>2022 R.Z. Cocktail Event Bar <\/p>\t\t\t<\/div>\n\t\t<\/div>\n\t\t\n\t\t\t\t\t\t<\/div>\n\t\t\t\t<\/div>\n\t\t\t\t\t<\/div>\n\t\t<\/div>\n\t\t\t\t<div class=\"elementor-column elementor-col-50 elementor-top-column elementor-element elementor-element-bc7737b\" data-id=\"bc7737b\" data-element_type=\"column\" data-e-type=\"column\">\n\t\t\t<div class=\"elementor-widget-wrap elementor-element-populated\">\n\t\t\t\t\t\t<div class=\"elementor-element elementor-element-ab19aaf elementor-widget elementor-widget-tastyc-footer-backtoptop\" data-id=\"ab19aaf\" data-element_type=\"widget\" data-e-type=\"widget\" data-widget_type=\"tastyc-footer-backtoptop.default\">\n\t\t\t\t<div class=\"elementor-widget-container\">\n\t\t\t\t\t\n\t\t\t\t<a href=\"#tst-app\" class=\"tst-label tst-color tst-anchor-scroll\">\n\t\t\t<span >\n\t\t\t\tpowr\u00f3t na g\u00f3r\u0119\t\t\t<\/span>\n\t\t<\/a>\n\t\t\n\t\t\t\t\t\t<\/div>\n\t\t\t\t<\/div>\n\t\t\t\t\t<\/div>\n\t\t<\/div>\n\t\t\t\t\t<\/div>\n\t\t<\/section>\n\t\t\t\t<section class=\"elementor-section elementor-top-section elementor-element elementor-element-5a9cd0c elementor-section-boxed elementor-section-height-default elementor-section-height-default wpr-particle-no wpr-jarallax-no wpr-parallax-no wpr-sticky-section-no wpr-equal-height-no\" data-id=\"5a9cd0c\" data-element_type=\"section\" data-e-type=\"section\">\n\t\t\t\t\t\t<div class=\"elementor-container elementor-column-gap-default\">\n\t\t\t\t\t<div class=\"elementor-column elementor-col-50 elementor-top-column elementor-element elementor-element-c931544\" data-id=\"c931544\" data-element_type=\"column\" data-e-type=\"column\">\n\t\t\t<div class=\"elementor-widget-wrap elementor-element-populated\">\n\t\t\t\t\t\t\t<\/div>\n\t\t<\/div>\n\t\t\t\t<div class=\"elementor-column elementor-col-50 elementor-top-column elementor-element elementor-element-a7ff19f\" data-id=\"a7ff19f\" data-element_type=\"column\" data-e-type=\"column\">\n\t\t\t<div class=\"elementor-widget-wrap elementor-element-populated\">\n\t\t\t\t\t\t<div class=\"elementor-element elementor-element-0fe8e01 elementor-widget elementor-widget-tastyc-footer-social-links\" data-id=\"0fe8e01\" data-element_type=\"widget\" data-e-type=\"widget\" data-widget_type=\"tastyc-footer-social-links.default\">\n\t\t\t\t<div class=\"elementor-widget-container\">\n\t\t\t\t\t\n\t\t\t\t<div class=\"tst-social\">\n                        <a target=\"_blank\" href=\"https:\/\/facebook.com\/R.Z.CocktailEventBar\" class=\"tst-icon-link\" title=\"Facebook\">\n            \t<i class=\"fab fa-facebook-f\"><\/i>            <\/a>\n                        <a target=\"_blank\" href=\"https:\/\/instagram.com\/r.z._cocktail_event_bar\/\" class=\"tst-icon-link\" title=\"Instagram\">\n            \t<i class=\"fab fa-instagram\"><\/i>            <\/a>\n                        <a target=\"_blank\" href=\"https:\/\/www.tiktok.com\/@r.z._cocktail_event_bar\" class=\"tst-icon-link\" title=\"Tiktok\">\n            \t<i class=\"fab fa-tiktok\"><\/i>            <\/a>\n                        <a class=\"tst-icon-link\" title=\"\">\n            \t<i class=\"\"><\/i>            <\/a>\n                        <a class=\"tst-icon-link\" title=\"\">\n            \t<i class=\"\"><\/i>            <\/a>\n                    <\/div>\n        \t\t\n\t\t\t\t\t\t<\/div>\n\t\t\t\t<\/div>\n\t\t\t\t\t<\/div>\n\t\t<\/div>\n\t\t\t\t\t<\/div>\n\t\t<\/section>\n\t\t\t\t<\/div>\n\t\t","protected":false},"excerpt":{"rendered":"<p>Zdj\u0119cia przedstawiaj\u0105 podstawowe menu oferowane przez R.Z. Cocktail Event Bar. W razie potrzeby modyfikujemy ofert\u0119 lub uzgadniamy z klientem indywidualne&#8230; <span class=\"tst-el-more\"><a href=\"https:\/\/rzcocktaileventbar.com\/pl\/menu-pl\/\" class=\"tst-label tst-color tst-anima-link\">Read more<\/a><\/span><\/p>\n","protected":false},"author":1,"featured_media":0,"parent":0,"menu_order":0,"comment_status":"closed","ping_status":"closed","template":"template-layout-builder.php","meta":{"_coblocks_attr":"","_coblocks_dimensions":"","_coblocks_responsive_height":"","_coblocks_accordion_ie_support":"","footnotes":""},"class_list":["post-1931","page","type-page","status-publish","hentry"],"translation":{"provider":"WPGlobus","version":"3.0.2","language":"pl","enabled_languages":["en","pl"],"languages":{"en":{"title":true,"content":true,"excerpt":false},"pl":{"title":false,"content":false,"excerpt":false}}},"acf":[],"_links":{"self":[{"href":"https:\/\/rzcocktaileventbar.com\/pl\/wp-json\/wp\/v2\/pages\/1931","targetHints":{"allow":["GET"]}}],"collection":[{"href":"https:\/\/rzcocktaileventbar.com\/pl\/wp-json\/wp\/v2\/pages"}],"about":[{"href":"https:\/\/rzcocktaileventbar.com\/pl\/wp-json\/wp\/v2\/types\/page"}],"author":[{"embeddable":true,"href":"https:\/\/rzcocktaileventbar.com\/pl\/wp-json\/wp\/v2\/users\/1"}],"replies":[{"embeddable":true,"href":"https:\/\/rzcocktaileventbar.com\/pl\/wp-json\/wp\/v2\/comments?post=1931"}],"version-history":[{"count":17,"href":"https:\/\/rzcocktaileventbar.com\/pl\/wp-json\/wp\/v2\/pages\/1931\/revisions"}],"predecessor-version":[{"id":2481,"href":"https:\/\/rzcocktaileventbar.com\/pl\/wp-json\/wp\/v2\/pages\/1931\/revisions\/2481"}],"wp:attachment":[{"href":"https:\/\/rzcocktaileventbar.com\/pl\/wp-json\/wp\/v2\/media?parent=1931"}],"curies":[{"name":"wp","href":"https:\/\/api.w.org\/{rel}","templated":true}]}}