{"id":1928,"date":"2022-08-04T14:15:22","date_gmt":"2022-08-04T14:15:22","guid":{"rendered":"https:\/\/rzcocktaileventbar.com\/?page_id=1928"},"modified":"2022-10-20T18:06:58","modified_gmt":"2022-10-20T18:06:58","slug":"blog-pl","status":"publish","type":"page","link":"https:\/\/rzcocktaileventbar.com\/pl\/blog-pl\/","title":{"rendered":"Blog"},"content":{"rendered":"\t\t<div data-elementor-type=\"wp-page\" data-elementor-id=\"1928\" class=\"elementor elementor-1928\">\n\t\t\t\t\t\t<section class=\"elementor-section elementor-top-section elementor-element elementor-element-76052ed elementor-section-boxed elementor-section-height-default elementor-section-height-default wpr-particle-no wpr-jarallax-no wpr-parallax-no wpr-sticky-section-no wpr-equal-height-no\" data-id=\"76052ed\" data-element_type=\"section\" data-e-type=\"section\">\n\t\t\t\t\t\t<div class=\"elementor-container elementor-column-gap-default\">\n\t\t\t\t\t<div class=\"elementor-column elementor-col-100 elementor-top-column elementor-element elementor-element-6628878\" data-id=\"6628878\" data-element_type=\"column\" data-e-type=\"column\">\n\t\t\t<div class=\"elementor-widget-wrap elementor-element-populated\">\n\t\t\t\t\t\t<div class=\"elementor-element elementor-element-f27881c elementor-widget elementor-widget-tastyc-blog-grid\" data-id=\"f27881c\" data-element_type=\"widget\" data-e-type=\"widget\" data-widget_type=\"tastyc-blog-grid.default\">\n\t\t\t\t<div class=\"elementor-widget-container\">\n\t\t\t\t\t\n\t\t<!-- container -->\n\t\t<div class=\"container\">\n\n\t\t<div class=\"row align-items-center\">\n\t\t            <div class=\"col-lg-12\">\n\n            <!-- title -->\n            <div class=\"text-center\">\n                            <div class=\"tst-suptitle tst-suptitle-center tst-mb-15\">\n              \t<span >\n\t\t        \tBLOG\t\t        <\/span>\n              <\/div>\n                                          <h3 class=\"tst-title--h tst-mb-30\">\n              \t<span >\n\t\t        \tOstatnie publikacje\t\t        <\/span>\n              <\/h3>\n                                        <\/div>\n            <!-- title end-->\n\n          <\/div>\n                                        <div class=\"col-lg-4\">\n            \n\n\n<!-- blog card -->\n<div class=\"tst-blog-card tst-mb-60\">\n\t<div id=\"post-2519\" class=\"post-2519 post type-post status-publish format-standard has-post-thumbnail hentry category-polski\">\n\t  \t  <a href=\"https:\/\/rzcocktaileventbar.com\/pl\/mojito\/\" class=\"tst-cover-frame tst-anima-link\">\n\t    \t    <img decoding=\"async\" src=\"https:\/\/rzcocktaileventbar.com\/wp-content\/uploads\/2022\/07\/mojito-with-lime-mint-ice-950x1423.jpg\" alt=\"MOJITO\">\n\t    \t    \t\t<div class=\"tst-card-badge\">\n\t\t\tPolski\t\t<\/div>\n\t\t\t  <\/a>\n\t  \t  <div class=\"tst-descr\">\n\t    <h5 class=\"tst-mb-15\">\n\t    \t<a href=\"https:\/\/rzcocktaileventbar.com\/pl\/mojito\/\" class=\"tst-anima-link\">MOJITO<\/a>\n\t    <\/h5>\n\t    \t    <div class=\"tst-date tst-date-m\">14 listopada, 2022<\/div>\n\t  \t\t    \t    <div class=\"tst-text\"><p>W moim ostatnim artykule dowiedzieli\u015bcie si\u0119 o tym, sk\u0105d wzi\u0119\u0142o si\u0119 s\u0142owo koktajl? Dzisiaj chcia\u0142bym&#8230; <span class=\"tst-el-more\"><a href=\"https:\/\/rzcocktaileventbar.com\/pl\/mojito\/\" class=\"tst-label tst-color tst-anima-link\">Read more<\/a><\/span><\/p>\n<\/div>\n\t    \t    <div class=\"tst-spacer-sm\"><\/div>\n\t    <div class=\"tst-post-bottom\">\n\t      <div class=\"tst-post-author\">\n\t      \t\t        <img decoding=\"async\" src=\"https:\/\/secure.gravatar.com\/avatar\/ce49a0df9a6365428b59da584a4926018db27387aa5077e73ced8e1273e2eaf7?s=96&#038;d=mm&#038;r=g\" alt=\"rzcocktail\">\n\t    \t\t        <h6>rzcocktail<\/h6>\n\t      <\/div>\n\t      \t      <div class=\"tst-date\">14 listopada, 2022<\/div>\n\t  \t  \t    <\/div>\n\t  <\/div>\n\t<\/div>\n\t<!-- #post-2519 -->\n<\/div>\n<!-- blog card end -->\n          <\/div>\n                    <div class=\"col-lg-4\">\n            \n\n\n<!-- blog card -->\n<div class=\"tst-blog-card tst-mb-60\">\n\t<div id=\"post-2504\" class=\"post-2504 post type-post status-publish format-standard has-post-thumbnail hentry category-polski\">\n\t  \t  <a href=\"https:\/\/rzcocktaileventbar.com\/pl\/co-oznacza-slowo-koktajl\/\" class=\"tst-cover-frame tst-anima-link\">\n\t    \t    <img decoding=\"async\" src=\"https:\/\/rzcocktaileventbar.com\/wp-content\/uploads\/2022\/10\/7-conv-950x662.jpeg\" alt=\"Co oznacza s\u0142owo \u201ckoktajl\u201d?\">\n\t    \t    \t\t<div class=\"tst-card-badge\">\n\t\t\tPolski\t\t<\/div>\n\t\t\t  <\/a>\n\t  \t  <div class=\"tst-descr\">\n\t    <h5 class=\"tst-mb-15\">\n\t    \t<a href=\"https:\/\/rzcocktaileventbar.com\/pl\/co-oznacza-slowo-koktajl\/\" class=\"tst-anima-link\">Co oznacza s\u0142owo \u201ckoktajl\u201d?<\/a>\n\t    <\/h5>\n\t    \t    <div class=\"tst-date tst-date-m\">27 pa\u017adziernika, 2022<\/div>\n\t  \t\t    \t    <div class=\"tst-text\"><p>Jedna z popularniejszych historii znaczenia opisywanego przez nas s\u0142owa pochodzi od pi\u00f3r koguciego ogona &#8211;&#8230; <span class=\"tst-el-more\"><a href=\"https:\/\/rzcocktaileventbar.com\/pl\/co-oznacza-slowo-koktajl\/\" class=\"tst-label tst-color tst-anima-link\">Read more<\/a><\/span><\/p>\n<\/div>\n\t    \t    <div class=\"tst-spacer-sm\"><\/div>\n\t    <div class=\"tst-post-bottom\">\n\t      <div class=\"tst-post-author\">\n\t      \t\t        <img decoding=\"async\" src=\"https:\/\/secure.gravatar.com\/avatar\/ce49a0df9a6365428b59da584a4926018db27387aa5077e73ced8e1273e2eaf7?s=96&#038;d=mm&#038;r=g\" alt=\"rzcocktail\">\n\t    \t\t        <h6>rzcocktail<\/h6>\n\t      <\/div>\n\t      \t      <div class=\"tst-date\">27 pa\u017adziernika, 2022<\/div>\n\t  \t  \t    <\/div>\n\t  <\/div>\n\t<\/div>\n\t<!-- #post-2504 -->\n<\/div>\n<!-- blog card end -->\n          <\/div>\n                    <div class=\"col-lg-4\">\n            \n\n\n<!-- blog card -->\n<div class=\"tst-blog-card tst-mb-60\">\n\t<div id=\"post-1968\" class=\"post-1968 post type-post status-publish format-standard has-post-thumbnail hentry category-polski tag-food tag-organic tag-pub\">\n\t  \t  <a href=\"https:\/\/rzcocktaileventbar.com\/pl\/sex-on-the-beach-pl\/\" class=\"tst-cover-frame tst-anima-link\">\n\t    \t    <img decoding=\"async\" src=\"https:\/\/rzcocktaileventbar.com\/wp-content\/uploads\/2021\/05\/alcoholic-cocktail-sex-beach-orange-black-wooden-background-950x1423.jpg\" alt=\"Sex on the beach\">\n\t    \t    \t\t<div class=\"tst-card-badge\">\n\t\t\tPolski\t\t<\/div>\n\t\t\t  <\/a>\n\t  \t  <div class=\"tst-descr\">\n\t    <h5 class=\"tst-mb-15\">\n\t    \t<a href=\"https:\/\/rzcocktaileventbar.com\/pl\/sex-on-the-beach-pl\/\" class=\"tst-anima-link\">Sex on the beach<\/a>\n\t    <\/h5>\n\t    \t    <div class=\"tst-date tst-date-m\">4 sierpnia, 2022<\/div>\n\t  \t\t    \t    <div class=\"tst-text\"><p>Sex on The Beach jest m\u0142odym drinkiem. Jak to cz\u0119sto bywa w przypadku r\u00f3\u017cnych alkoholi&#8230; <span class=\"tst-el-more\"><a href=\"https:\/\/rzcocktaileventbar.com\/pl\/sex-on-the-beach-pl\/\" class=\"tst-label tst-color tst-anima-link\">Read more<\/a><\/span><\/p>\n<\/div>\n\t    \t    <div class=\"tst-spacer-sm\"><\/div>\n\t    <div class=\"tst-post-bottom\">\n\t      <div class=\"tst-post-author\">\n\t      \t\t        <img decoding=\"async\" src=\"https:\/\/secure.gravatar.com\/avatar\/ce49a0df9a6365428b59da584a4926018db27387aa5077e73ced8e1273e2eaf7?s=96&#038;d=mm&#038;r=g\" alt=\"rzcocktail\">\n\t    \t\t        <h6>rzcocktail<\/h6>\n\t      <\/div>\n\t      \t      <div class=\"tst-date\">4 sierpnia, 2022<\/div>\n\t  \t  \t    <\/div>\n\t  <\/div>\n\t<\/div>\n\t<!-- #post-1968 -->\n<\/div>\n<!-- blog card end -->\n          <\/div>\n          \n          \t\t  <div class=\"col-lg-12\">  \n\t\t    <!-- pagination -->\n\t\t    <div class=\"tst-a tst-pagination\">\n\t\t      \t\t\t    <\/div>\n\t\t    <!-- pagination end -->\n\t\t  <\/div>\n\t\t            \n\t\t                    <\/div>\n\n        <div class=\"tst-spacer\"><\/div>\n\n    \t<\/div>\n    \t\n\t\t\t\t\t\t<\/div>\n\t\t\t\t<\/div>\n\t\t\t\t\t<\/div>\n\t\t<\/div>\n\t\t\t\t\t<\/div>\n\t\t<\/section>\n\t\t\t\t<section class=\"elementor-section elementor-top-section elementor-element elementor-element-c1e05a1 elementor-section-boxed elementor-section-height-default elementor-section-height-default wpr-particle-no wpr-jarallax-no wpr-parallax-no wpr-sticky-section-no wpr-equal-height-no\" data-id=\"c1e05a1\" data-element_type=\"section\" data-e-type=\"section\">\n\t\t\t\t\t\t<div class=\"elementor-container elementor-column-gap-default\">\n\t\t\t\t\t<div class=\"elementor-column elementor-col-33 elementor-top-column elementor-element elementor-element-dba8500\" data-id=\"dba8500\" data-element_type=\"column\" data-e-type=\"column\">\n\t\t\t<div class=\"elementor-widget-wrap elementor-element-populated\">\n\t\t\t\t\t\t<div class=\"elementor-element elementor-element-104ee33 elementor-widget elementor-widget-tastyc-footer-heading\" data-id=\"104ee33\" data-element_type=\"widget\" data-e-type=\"widget\" data-widget_type=\"tastyc-footer-heading.default\">\n\t\t\t\t<div class=\"elementor-widget-container\">\n\t\t\t\t\t\n\t\t<div class=\"tst-mb-60\">\n\t\t\t        \t<h5 class=\"tst-mb-30 tst-text-shadow\">\n        \t\t<span >\n\t\t\t\t\tO nas\t\t\t\t<\/span>\n        \t<\/h5>\n        \t        \t        \t<div class=\"tst-text tst-text-shadow tst-mb-30\">\n        \t\t<div >\n\t\t\t\t\t<p>Zapewniamy swoim klientom profesjonalne, ekskluzywne, spersonalizowane us\u0142ugi barma\u0144skie w Nowym Jorku i okolicach.<\/p>\t\t\t\t<\/div>\n        \t<\/div>\n        \t        \t        \t<a href=\"\/about-us-pl\/\" class=\"tst-label tst-color tst-anima-link\">\n        \t\t<span >\n\t\t\t\t\tCzytaj wi\u0119cej\t\t\t\t<\/span>\n        \t<\/a>\n        \t        <\/div>\n\n\t\t\t\t\t\t<\/div>\n\t\t\t\t<\/div>\n\t\t\t\t\t<\/div>\n\t\t<\/div>\n\t\t\t\t<div class=\"elementor-column elementor-col-33 elementor-top-column elementor-element elementor-element-30459df\" data-id=\"30459df\" data-element_type=\"column\" data-e-type=\"column\">\n\t\t\t<div class=\"elementor-widget-wrap elementor-element-populated\">\n\t\t\t\t\t\t<div class=\"elementor-element elementor-element-83ea228 elementor-widget elementor-widget-tastyc-footer-info\" data-id=\"83ea228\" data-element_type=\"widget\" data-e-type=\"widget\" data-widget_type=\"tastyc-footer-info.default\">\n\t\t\t\t<div class=\"elementor-widget-container\">\n\t\t\t\t\t\n\t\t<div class=\"tst-mb-60\">\n\t\t\t        \t<h5 class=\"tst-mb-30 tst-text-shadow\">\n        \t\t<span >\n\t\t\t\t\tDane kontaktowe\t\t\t\t<\/span>\n        \t<\/h5>\n        \t        \t        \t<ul class=\"tst-footer-contact tst-text-shadow tst-mb-30\">\n            \t            \t<li>\n            \t\t<span class=\"tst-label\">\n            \t\t\t<span >\n\t\t\t\t\t\t\tTelefon\t\t\t\t\t\t<\/span>\n            \t\t<\/span>\n            \t\t<span class=\"tst-text\">\n            \t\t\t<span >\n\t\t\t\t\t\t\t+1 631-459-1619\t\t\t\t\t\t<\/span>\n            \t\t<\/span>\n            \t<\/li>\n          \t\t            \t<li>\n            \t\t<span class=\"tst-label\">\n            \t\t\t<span >\n\t\t\t\t\t\t\tmail\t\t\t\t\t\t<\/span>\n            \t\t<\/span>\n            \t\t<span class=\"tst-text\">\n            \t\t\t<span >\n\t\t\t\t\t\t\tzalewski.bartender@gmail.com\t\t\t\t\t\t<\/span>\n            \t\t<\/span>\n            \t<\/li>\n          \t\t          \t<\/ul>\n        \t        \t        \t<a href=\"\/contact-pl\/\" class=\"tst-label tst-color tst-anima-link\">\n        \t\t<span >\n\t\t\t\t\tSkontaktuj si\u0119!\t\t\t\t<\/span>\n        \t<\/a>\n        \t        <\/div>\n\n\t\t\t\t\t\t<\/div>\n\t\t\t\t<\/div>\n\t\t\t\t\t<\/div>\n\t\t<\/div>\n\t\t\t\t<div class=\"elementor-column elementor-col-33 elementor-top-column elementor-element elementor-element-4a7b999\" data-id=\"4a7b999\" data-element_type=\"column\" data-e-type=\"column\">\n\t\t\t<div class=\"elementor-widget-wrap elementor-element-populated\">\n\t\t\t\t\t\t<div class=\"elementor-element elementor-element-8a2ddea elementor-widget elementor-widget-tastyc-footer-gallery\" data-id=\"8a2ddea\" data-element_type=\"widget\" data-e-type=\"widget\" data-widget_type=\"tastyc-footer-gallery.default\">\n\t\t\t\t<div class=\"elementor-widget-container\">\n\t\t\t\t\t\n\t\t<div class=\"tst-mb-60\">\n\t\t\t        \t<h5 class=\"tst-mb-30 tst-text-shadow\">\n        \t\t<span >\n\t\t\t\t\tGaleria\t\t\t\t<\/span>\n        \t<\/h5>\n        \t\t\t\t\t\t\t<div class=\"swiper-container tst-footer-gallery\">\n                <div class=\"swiper-wrapper tst-cursor-zoom\">\n                                    <div class=\"swiper-slide\">\n                    <div class=\"tst-footer-gal-item\">\n                                            <img decoding=\"async\" src=\"https:\/\/rzcocktaileventbar.com\/wp-content\/uploads\/2022\/10\/IMG_4026-conv-140x140.jpeg\" alt=\"Image #1\" \/>\n                      <a data-magnific=\"gallery\" href=\"https:\/\/rzcocktaileventbar.com\/wp-content\/uploads\/2022\/10\/IMG_4026-conv-1920x2560.jpeg\" class=\"tst-overlay\">\n                        <i class=\"fas fa-search-plus\"><\/i>\n                      <\/a>\n                                          <\/div>\n                  <\/div>\n                                    <div class=\"swiper-slide\">\n                    <div class=\"tst-footer-gal-item\">\n                                            <img decoding=\"async\" src=\"https:\/\/rzcocktaileventbar.com\/wp-content\/uploads\/2022\/10\/IMG_3296-conv-140x140.jpeg\" alt=\"Image #2\" \/>\n                      <a data-magnific=\"gallery\" href=\"https:\/\/rzcocktaileventbar.com\/wp-content\/uploads\/2022\/10\/IMG_3296-conv-1920x1440.jpeg\" class=\"tst-overlay\">\n                        <i class=\"fas fa-search-plus\"><\/i>\n                      <\/a>\n                                          <\/div>\n                  <\/div>\n                                    <div class=\"swiper-slide\">\n                    <div class=\"tst-footer-gal-item\">\n                                            <img decoding=\"async\" src=\"https:\/\/rzcocktaileventbar.com\/wp-content\/uploads\/2022\/10\/IMG_3279-conv-140x140.jpeg\" alt=\"Image #3\" \/>\n                      <a data-magnific=\"gallery\" href=\"https:\/\/rzcocktaileventbar.com\/wp-content\/uploads\/2022\/10\/IMG_3279-conv-1920x2560.jpeg\" class=\"tst-overlay\">\n                        <i class=\"fas fa-search-plus\"><\/i>\n                      <\/a>\n                                          <\/div>\n                  <\/div>\n                                    <div class=\"swiper-slide\">\n                    <div class=\"tst-footer-gal-item\">\n                                            <img decoding=\"async\" src=\"https:\/\/rzcocktaileventbar.com\/wp-content\/uploads\/2022\/10\/IMG_3141-conv-140x140.jpeg\" alt=\"Image #4\" \/>\n                      <a data-magnific=\"gallery\" href=\"https:\/\/rzcocktaileventbar.com\/wp-content\/uploads\/2022\/10\/IMG_3141-conv-1920x1440.jpeg\" class=\"tst-overlay\">\n                        <i class=\"fas fa-search-plus\"><\/i>\n                      <\/a>\n                                          <\/div>\n                  <\/div>\n                                    <div class=\"swiper-slide\">\n                    <div class=\"tst-footer-gal-item\">\n                                            <img decoding=\"async\" src=\"https:\/\/rzcocktaileventbar.com\/wp-content\/uploads\/2022\/10\/IMG_2603-140x140.jpg\" alt=\"Image #5\" \/>\n                      <a data-magnific=\"gallery\" href=\"https:\/\/rzcocktaileventbar.com\/wp-content\/uploads\/2022\/10\/IMG_2603.jpg\" class=\"tst-overlay\">\n                        <i class=\"fas fa-search-plus\"><\/i>\n                      <\/a>\n                                          <\/div>\n                  <\/div>\n                                    <div class=\"swiper-slide\">\n                    <div class=\"tst-footer-gal-item\">\n                                            <img decoding=\"async\" src=\"https:\/\/rzcocktaileventbar.com\/wp-content\/uploads\/2022\/10\/IMG_2576-conv-140x140.jpeg\" alt=\"Image #6\" \/>\n                      <a data-magnific=\"gallery\" href=\"https:\/\/rzcocktaileventbar.com\/wp-content\/uploads\/2022\/10\/IMG_2576-conv-1920x1440.jpeg\" class=\"tst-overlay\">\n                        <i class=\"fas fa-search-plus\"><\/i>\n                      <\/a>\n                                          <\/div>\n                  <\/div>\n                                  <\/div>\n                <div class=\"tst-gallery-nav\">\n                                    <a href=\"\/gallery-pl\" class=\"tst-label tst-color tst-anima-link\">\n                  \t<span >\n\t\t\t\t\t\tZobacz wi\u0119cej\t\t\t\t\t<\/span>\n                  <\/a>\n                                    <div class=\"tst-fg-nav\">\n                    <div class=\"tst-slider-btn tst-fg-prev\"><i class=\"fas fa-arrow-left\"><\/i><\/div>\n                    <div class=\"tst-slider-btn tst-fg-next\"><i class=\"fas fa-arrow-right\"><\/i><\/div>\n                  <\/div>\n                <\/div>\n            <\/div>\n\t\t\t\t\t\t\n\t\t<\/div>\n\n\t\t\t\t\t\t<\/div>\n\t\t\t\t<\/div>\n\t\t\t\t\t<\/div>\n\t\t<\/div>\n\t\t\t\t\t<\/div>\n\t\t<\/section>\n\t\t\t\t<section class=\"elementor-section elementor-top-section elementor-element elementor-element-fb4426f elementor-section-boxed elementor-section-height-default elementor-section-height-default wpr-particle-no wpr-jarallax-no wpr-parallax-no wpr-sticky-section-no wpr-equal-height-no\" data-id=\"fb4426f\" data-element_type=\"section\" data-e-type=\"section\">\n\t\t\t\t\t\t<div class=\"elementor-container elementor-column-gap-default\">\n\t\t\t\t\t<div class=\"elementor-column elementor-col-100 elementor-top-column elementor-element elementor-element-0efbcc2\" data-id=\"0efbcc2\" data-element_type=\"column\" data-e-type=\"column\">\n\t\t\t<div class=\"elementor-widget-wrap elementor-element-populated\">\n\t\t\t\t\t\t<div class=\"elementor-element elementor-element-967e549 elementor-widget elementor-widget-tastyc-footer-divider\" data-id=\"967e549\" data-element_type=\"widget\" data-e-type=\"widget\" data-widget_type=\"tastyc-footer-divider.default\">\n\t\t\t\t<div class=\"elementor-widget-container\">\n\t\t\t\t\t\n\t\t<div class=\"tst-spacer tst-white tst-spacer-only-bottom-space\"><\/div>\n\n\t\t\t\t\t\t<\/div>\n\t\t\t\t<\/div>\n\t\t\t\t\t<\/div>\n\t\t<\/div>\n\t\t\t\t\t<\/div>\n\t\t<\/section>\n\t\t\t\t<section class=\"elementor-section elementor-top-section elementor-element elementor-element-c7e2dbf elementor-section-boxed elementor-section-height-default elementor-section-height-default wpr-particle-no wpr-jarallax-no wpr-parallax-no wpr-sticky-section-no wpr-equal-height-no\" data-id=\"c7e2dbf\" data-element_type=\"section\" data-e-type=\"section\">\n\t\t\t\t\t\t<div class=\"elementor-container elementor-column-gap-default\">\n\t\t\t\t\t<div class=\"elementor-column elementor-col-50 elementor-top-column elementor-element elementor-element-8c6741a\" data-id=\"8c6741a\" data-element_type=\"column\" data-e-type=\"column\">\n\t\t\t<div class=\"elementor-widget-wrap elementor-element-populated\">\n\t\t\t\t\t\t<div class=\"elementor-element elementor-element-dc613bf elementor-widget elementor-widget-tastyc-footer-copyright\" data-id=\"dc613bf\" data-element_type=\"widget\" data-e-type=\"widget\" data-widget_type=\"tastyc-footer-copyright.default\">\n\t\t\t\t<div class=\"elementor-widget-container\">\n\t\t\t\t\t\n\t\t\t\t<div class=\"tst-text\">\n\t\t\t<div >\n\t\t\t\t<p>2022 R.Z. Cocktail Event Bar <\/p>\t\t\t<\/div>\n\t\t<\/div>\n\t\t\n\t\t\t\t\t\t<\/div>\n\t\t\t\t<\/div>\n\t\t\t\t\t<\/div>\n\t\t<\/div>\n\t\t\t\t<div class=\"elementor-column elementor-col-50 elementor-top-column elementor-element elementor-element-dfdf63e\" data-id=\"dfdf63e\" data-element_type=\"column\" data-e-type=\"column\">\n\t\t\t<div class=\"elementor-widget-wrap elementor-element-populated\">\n\t\t\t\t\t\t<div class=\"elementor-element elementor-element-0782146 elementor-widget elementor-widget-tastyc-footer-backtoptop\" data-id=\"0782146\" data-element_type=\"widget\" data-e-type=\"widget\" data-widget_type=\"tastyc-footer-backtoptop.default\">\n\t\t\t\t<div class=\"elementor-widget-container\">\n\t\t\t\t\t\n\t\t\t\t<a href=\"#tst-app\" class=\"tst-label tst-color tst-anchor-scroll\">\n\t\t\t<span >\n\t\t\t\tpowr\u00f3t na g\u00f3r\u0119\t\t\t<\/span>\n\t\t<\/a>\n\t\t\n\t\t\t\t\t\t<\/div>\n\t\t\t\t<\/div>\n\t\t\t\t\t<\/div>\n\t\t<\/div>\n\t\t\t\t\t<\/div>\n\t\t<\/section>\n\t\t\t\t<section class=\"elementor-section elementor-top-section elementor-element elementor-element-26aadbe elementor-section-boxed elementor-section-height-default elementor-section-height-default wpr-particle-no wpr-jarallax-no wpr-parallax-no wpr-sticky-section-no wpr-equal-height-no\" data-id=\"26aadbe\" data-element_type=\"section\" data-e-type=\"section\">\n\t\t\t\t\t\t<div class=\"elementor-container elementor-column-gap-default\">\n\t\t\t\t\t<div class=\"elementor-column elementor-col-50 elementor-top-column elementor-element elementor-element-2206055\" data-id=\"2206055\" data-element_type=\"column\" data-e-type=\"column\">\n\t\t\t<div class=\"elementor-widget-wrap elementor-element-populated\">\n\t\t\t\t\t\t\t<\/div>\n\t\t<\/div>\n\t\t\t\t<div class=\"elementor-column elementor-col-50 elementor-top-column elementor-element elementor-element-1af93ca\" data-id=\"1af93ca\" data-element_type=\"column\" data-e-type=\"column\">\n\t\t\t<div class=\"elementor-widget-wrap elementor-element-populated\">\n\t\t\t\t\t\t<div class=\"elementor-element elementor-element-2a7ea46 elementor-widget elementor-widget-tastyc-footer-social-links\" data-id=\"2a7ea46\" data-element_type=\"widget\" data-e-type=\"widget\" data-widget_type=\"tastyc-footer-social-links.default\">\n\t\t\t\t<div class=\"elementor-widget-container\">\n\t\t\t\t\t\n\t\t\t\t<div class=\"tst-social\">\n                        <a target=\"_blank\" href=\"https:\/\/facebook.com\/R.Z.CocktailEventBar\" class=\"tst-icon-link\" title=\"Facebook\">\n            \t<i class=\"fab fa-facebook-f\"><\/i>            <\/a>\n                        <a target=\"_blank\" href=\"https:\/\/instagram.com\/r.z._cocktail_event_bar\/\" class=\"tst-icon-link\" title=\"Instagram\">\n            \t<i class=\"fab fa-instagram\"><\/i>            <\/a>\n                        <a target=\"_blank\" href=\"https:\/\/www.tiktok.com\/@r.z._cocktail_event_bar\" class=\"tst-icon-link\" title=\"Tiktok\">\n            \t<i class=\"fab fa-tiktok\"><\/i>            <\/a>\n                        <a class=\"tst-icon-link\" title=\"\">\n            \t<i class=\"\"><\/i>            <\/a>\n                        <a class=\"tst-icon-link\" title=\"\">\n            \t<i class=\"\"><\/i>            <\/a>\n                    <\/div>\n        \t\t\n\t\t\t\t\t\t<\/div>\n\t\t\t\t<\/div>\n\t\t\t\t\t<\/div>\n\t\t<\/div>\n\t\t\t\t\t<\/div>\n\t\t<\/section>\n\t\t\t\t<\/div>\n\t\t","protected":false},"excerpt":{"rendered":"<p>BLOG Ostatnie publikacje Polski Sex on the beach August 4, 2022 BLOG Ostatnie publikacje Drinks,&#8230; <span class=\"tst-el-more\"><a href=\"https:\/\/rzcocktaileventbar.com\/pl\/sex-on-the-beach-pl\/\" class=\"tst-label tst-color tst-anima-link\">Read more<\/a><\/span><\/p>\n","protected":false},"author":1,"featured_media":0,"parent":0,"menu_order":0,"comment_status":"closed","ping_status":"closed","template":"template-layout-builder.php","meta":{"_coblocks_attr":"","_coblocks_dimensions":"","_coblocks_responsive_height":"","_coblocks_accordion_ie_support":"","footnotes":""},"class_list":["post-1928","page","type-page","status-publish","hentry"],"translation":{"provider":"WPGlobus","version":"3.0.2","language":"pl","enabled_languages":["en","pl"],"languages":{"en":{"title":true,"content":true,"excerpt":false},"pl":{"title":false,"content":false,"excerpt":false}}},"acf":[],"_links":{"self":[{"href":"https:\/\/rzcocktaileventbar.com\/pl\/wp-json\/wp\/v2\/pages\/1928","targetHints":{"allow":["GET"]}}],"collection":[{"href":"https:\/\/rzcocktaileventbar.com\/pl\/wp-json\/wp\/v2\/pages"}],"about":[{"href":"https:\/\/rzcocktaileventbar.com\/pl\/wp-json\/wp\/v2\/types\/page"}],"author":[{"embeddable":true,"href":"https:\/\/rzcocktaileventbar.com\/pl\/wp-json\/wp\/v2\/users\/1"}],"replies":[{"embeddable":true,"href":"https:\/\/rzcocktaileventbar.com\/pl\/wp-json\/wp\/v2\/comments?post=1928"}],"version-history":[{"count":18,"href":"https:\/\/rzcocktaileventbar.com\/pl\/wp-json\/wp\/v2\/pages\/1928\/revisions"}],"predecessor-version":[{"id":2487,"href":"https:\/\/rzcocktaileventbar.com\/pl\/wp-json\/wp\/v2\/pages\/1928\/revisions\/2487"}],"wp:attachment":[{"href":"https:\/\/rzcocktaileventbar.com\/pl\/wp-json\/wp\/v2\/media?parent=1928"}],"curies":[{"name":"wp","href":"https:\/\/api.w.org\/{rel}","templated":true}]}}